{"id":1691,"date":"2019-05-03T14:22:21","date_gmt":"2019-05-03T12:22:21","guid":{"rendered":"https:\/\/test-website.fr\/?page_id=1691"},"modified":"2023-11-23T21:00:22","modified_gmt":"2023-11-23T20:00:22","slug":"bio","status":"publish","type":"page","link":"https:\/\/www.jardinerieprosperi.fr\/fr\/bio\/","title":{"rendered":"Bio"},"content":{"rendered":"<div class=\"wpb-content-wrapper\"><p>[vc_row][vc_column column_width_percent=\u00a0\u00bb100&Prime; align_horizontal=\u00a0\u00bbalign_center\u00a0\u00bb gutter_size=\u00a0\u00bb3&Prime; overlay_alpha=\u00a0\u00bb50&Prime; shift_x=\u00a0\u00bb0&Prime; shift_y=\u00a0\u00bb0&Prime; shift_y_down=\u00a0\u00bb0&Prime; z_index=\u00a0\u00bb0&Prime; medium_width=\u00a0\u00bb0&Prime; mobile_width=\u00a0\u00bb0&Prime; css_animation=\u00a0\u00bbtop-t-bottom\u00a0\u00bb width=\u00a0\u00bb1\/1&Prime; uncode_shortcode_id=\u00a0\u00bb991622&Prime;][vc_custom_heading text_color=\u00a0\u00bbcolor-vyce\u00a0\u00bb text_font=\u00a0\u00bbfont-182521&Prime; text_size=\u00a0\u00bbh1&Prime; css_animation=\u00a0\u00bbtop-t-bottom\u00a0\u00bb uncode_shortcode_id=\u00a0\u00bb415766&Prime; text_color_type=\u00a0\u00bbuncode-palette\u00a0\u00bb]Le bio[\/vc_custom_heading][\/vc_column][\/vc_row][vc_row row_height_percent=\u00a0\u00bb0&Prime; override_padding=\u00a0\u00bbyes\u00a0\u00bb h_padding=\u00a0\u00bb2&Prime; top_padding=\u00a0\u00bb1&Prime; bottom_padding=\u00a0\u00bb3&Prime; overlay_alpha=\u00a0\u00bb100&Prime; gutter_size=\u00a0\u00bb3&Prime; column_width_percent=\u00a0\u00bb100&Prime; shift_y=\u00a0\u00bb0&Prime; z_index=\u00a0\u00bb0&Prime; row_height_use_pixel=\u00a0\u00bb\u00a0\u00bb uncode_shortcode_id=\u00a0\u00bb956524&Prime;][vc_column column_width_use_pixel=\u00a0\u00bbyes\u00a0\u00bb gutter_size=\u00a0\u00bb3&Prime; overlay_alpha=\u00a0\u00bb50&Prime; shift_x=\u00a0\u00bb0&Prime; shift_y=\u00a0\u00bb0&Prime; shift_y_down=\u00a0\u00bb0&Prime; z_index=\u00a0\u00bb0&Prime; medium_width=\u00a0\u00bb0&Prime; mobile_width=\u00a0\u00bb0&Prime; css_animation=\u00a0\u00bbbottom-t-top\u00a0\u00bb zoom_width=\u00a0\u00bb0&Prime; zoom_height=\u00a0\u00bb0&Prime; column_width_pixel=\u00a0\u00bb800&Prime; uncode_shortcode_id=\u00a0\u00bb185197&Prime;][vc_column_text uncode_shortcode_id=\u00a0\u00bb192499&Prime;]<\/p>\n<p style=\"text-align: justify;\">Inscrit au c\u0153ur du d\u00e9veloppement durable, le mode de production et de transformation biologique est encadr\u00e9 par une r\u00e9glementation europ\u00e9enne. Cette r\u00e9glementation a pour objectif le respect de l\u2019environnement, le respect de la biodiversit\u00e9 et celui du bien-\u00eatre animal. En France, trois niveaux d\u2019autorisation sont n\u00e9cessaires pour qu\u2019un produit phytosanitaire puisse \u00eatre utilis\u00e9 en agriculture biologique :<\/p>\n<ul>\n<li style=\"text-align: justify;\">la substance active du produit doit figurer sur la liste positive des mati\u00e8res actives pouvant entrer dans la composition des produits phytosanitaires en Europe (r\u00e8glement d\u2019ex\u00e9cution n\u00b0540\/2011 du 25\/05\/2011);<\/li>\n<li style=\"text-align: justify;\">la substance active doit \u00e9galement figurer sur l\u2019annexe II du cahier des charges de l\u2019agriculture biologique (r\u00e8glement CE n\u00b0889\/2008);<\/li>\n<li style=\"text-align: justify;\">le produit contenant la substance active doit aussi avoir \u00e9t\u00e9 autoris\u00e9 sur le territoire national (Autorisation de Mise sur le March\u00e9).<\/li>\n<\/ul>\n<p>[\/vc_column_text][\/vc_column][\/vc_row][vc_row row_height_percent=\u00a0\u00bb0&Prime; override_padding=\u00a0\u00bbyes\u00a0\u00bb h_padding=\u00a0\u00bb2&Prime; top_padding=\u00a0\u00bb0&Prime; bottom_padding=\u00a0\u00bb0&Prime; overlay_alpha=\u00a0\u00bb100&Prime; gutter_size=\u00a0\u00bb3&Prime; column_width_percent=\u00a0\u00bb100&Prime; shift_y=\u00a0\u00bb0&Prime; z_index=\u00a0\u00bb0&Prime; row_height_use_pixel=\u00a0\u00bb\u00a0\u00bb][vc_column column_width_use_pixel=\u00a0\u00bbyes\u00a0\u00bb gutter_size=\u00a0\u00bb3&Prime; overlay_alpha=\u00a0\u00bb50&Prime; shift_x=\u00a0\u00bb0&Prime; shift_y=\u00a0\u00bb0&Prime; shift_y_down=\u00a0\u00bb0&Prime; z_index=\u00a0\u00bb0&Prime; medium_width=\u00a0\u00bb0&Prime; mobile_width=\u00a0\u00bb0&Prime; css_animation=\u00a0\u00bbleft-t-right\u00a0\u00bb zoom_width=\u00a0\u00bb0&Prime; zoom_height=\u00a0\u00bb0&Prime; width=\u00a0\u00bb5\/6&Prime; uncode_shortcode_id=\u00a0\u00bb679334&Prime;][vc_single_image media=\u00a0\u00bb20232&Prime; media_width_percent=\u00a0\u00bb100&Prime; media_ratio=\u00a0\u00bbthree-two\u00a0\u00bb media_title_uppercase=\u00a0\u00bb\u00a0\u00bb uncode_shortcode_id=\u00a0\u00bb186868&Prime;][\/vc_column][vc_column column_width_percent=\u00a0\u00bb100&Prime; gutter_size=\u00a0\u00bb3&Prime; overlay_alpha=\u00a0\u00bb50&Prime; shift_x=\u00a0\u00bb0&Prime; shift_y=\u00a0\u00bb0&Prime; shift_y_down=\u00a0\u00bb0&Prime; z_index=\u00a0\u00bb0&Prime; medium_width=\u00a0\u00bb0&Prime; mobile_width=\u00a0\u00bb0&Prime; css_animation=\u00a0\u00bbright-t-left\u00a0\u00bb zoom_width=\u00a0\u00bb0&Prime; zoom_height=\u00a0\u00bb0&Prime; width=\u00a0\u00bb1\/6&Prime; uncode_shortcode_id=\u00a0\u00bb154771&Prime;][vc_column_text uncode_shortcode_id=\u00a0\u00bb184646&Prime;]<\/p>\n<p style=\"text-align: left;\">Pour vous, nous avons s\u00e9lectionn\u00e9 une gamme de produits remplissant tous ces crit\u00e8res et qui, nous esp\u00e9rons, sauront vous plaire, parmi notre s\u00e9lection : Naturen (Fertilig\u00e8ne), Naturasol (Algoflash) ou encore Or Brun.<\/p>\n<p>[\/vc_column_text][\/vc_column][\/vc_row][vc_row row_height_percent=\u00a0\u00bb0&Prime; override_padding=\u00a0\u00bbyes\u00a0\u00bb h_padding=\u00a0\u00bb2&Prime; top_padding=\u00a0\u00bb3&Prime; bottom_padding=\u00a0\u00bb3&Prime; overlay_alpha=\u00a0\u00bb100&Prime; gutter_size=\u00a0\u00bb3&Prime; column_width_percent=\u00a0\u00bb100&Prime; shift_y=\u00a0\u00bb0&Prime; z_index=\u00a0\u00bb0&Prime; row_height_use_pixel=\u00a0\u00bb\u00a0\u00bb][vc_column column_width_use_pixel=\u00a0\u00bbyes\u00a0\u00bb gutter_size=\u00a0\u00bb3&Prime; overlay_alpha=\u00a0\u00bb50&Prime; shift_x=\u00a0\u00bb0&Prime; shift_y=\u00a0\u00bb0&Prime; shift_y_down=\u00a0\u00bb0&Prime; z_index=\u00a0\u00bb0&Prime; medium_width=\u00a0\u00bb0&Prime; mobile_width=\u00a0\u00bb0&Prime; css_animation=\u00a0\u00bbbottom-t-top\u00a0\u00bb zoom_width=\u00a0\u00bb0&Prime; zoom_height=\u00a0\u00bb0&Prime; column_width_pixel=\u00a0\u00bb800&Prime; uncode_shortcode_id=\u00a0\u00bb109049&Prime;][vc_column_text uncode_shortcode_id=\u00a0\u00bb373096&Prime;]<\/p>\n<ol>\n<li style=\"text-align: justify;\">Traitement et protection biologique du jardin et de la maison: produits phytosanitaires BIO<\/li>\n<li style=\"text-align: justify;\">Terreaux, supports de culture et paillages naturels: Terre, Terreaux, Ecorces de pin, Paillage, Pouzzolane, Billes d&rsquo;argile, OVI 4G, Tourbe, Fumier de cheval, Migon Broy\u00e9, Humoribo<\/li>\n<li style=\"text-align: justify;\">Lutte biologique : Ph\u00e9romones (n\u00e9matodes, Pyrale du Buis, Ver de la Cerise, Ver de l&rsquo;Olivier, Mineuse de l&rsquo;agrume, Cochenille farineuse) \u00e0 conserver au frais.<\/li>\n<li style=\"text-align: justify;\">R\u00e9cup\u00e9rateur d&rsquo;eau de pluie: La p\u00e9pini\u00e8re propose un pot r\u00e9cup\u00e9rateur d&rsquo;eau de pluie afin de limiter le gaspillage et de pr\u00e9server l&rsquo;environnement<\/li>\n<li style=\"text-align: justify;\">Compostage : Activateur de compost, lombricompost<\/li>\n<\/ol>\n<p>[\/vc_column_text][\/vc_column][\/vc_row][vc_row row_height_percent=\u00a0\u00bb0&Prime; override_padding=\u00a0\u00bbyes\u00a0\u00bb h_padding=\u00a0\u00bb2&Prime; top_padding=\u00a0\u00bb4&Prime; bottom_padding=\u00a0\u00bb4&Prime; back_image=\u00a0\u00bb20677&Prime; parallax=\u00a0\u00bbyes\u00a0\u00bb overlay_color=\u00a0\u00bbcolor-jevc\u00a0\u00bb overlay_alpha=\u00a0\u00bb35&Prime; gutter_size=\u00a0\u00bb3&Prime; column_width_percent=\u00a0\u00bb100&Prime; shift_y=\u00a0\u00bb0&Prime; z_index=\u00a0\u00bb0&Prime; uncode_shortcode_id=\u00a0\u00bb146728&Prime; overlay_color_type=\u00a0\u00bbuncode-palette\u00a0\u00bb][vc_column column_width_percent=\u00a0\u00bb100&Prime; align_horizontal=\u00a0\u00bbalign_center\u00a0\u00bb gutter_size=\u00a0\u00bb1&Prime; overlay_alpha=\u00a0\u00bb50&Prime; shift_x=\u00a0\u00bb0&Prime; shift_y=\u00a0\u00bb0&Prime; shift_y_down=\u00a0\u00bb0&Prime; z_index=\u00a0\u00bb0&Prime; medium_width=\u00a0\u00bb0&Prime; mobile_width=\u00a0\u00bb0&Prime; width=\u00a0\u00bb1\/1&Prime; uncode_shortcode_id=\u00a0\u00bb282997&Prime;][vc_empty_space empty_h=\u00a0\u00bb3&Prime;][vc_custom_heading text_color=\u00a0\u00bbcolor-xsdn\u00a0\u00bb text_font=\u00a0\u00bbfont-182521&Prime; text_size=\u00a0\u00bbh1&Prime; css_animation=\u00a0\u00bbtop-t-bottom\u00a0\u00bb uncode_shortcode_id=\u00a0\u00bb559514&Prime; text_color_type=\u00a0\u00bbuncode-palette\u00a0\u00bb]Venez avec nous[\/vc_custom_heading][vc_custom_heading text_color=\u00a0\u00bbcolor-xsdn\u00a0\u00bb text_font=\u00a0\u00bbfont-609760&Prime; text_weight=\u00a0\u00bb500&Prime; text_transform=\u00a0\u00bbuppercase\u00a0\u00bb css_animation=\u00a0\u00bbbottom-t-top\u00a0\u00bb uncode_shortcode_id=\u00a0\u00bb103883&Prime; text_color_type=\u00a0\u00bbuncode-palette\u00a0\u00bb]cultiver l\u2019excellence de la nature[\/vc_custom_heading][vc_empty_space empty_h=\u00a0\u00bb3&Prime;][\/vc_column][\/vc_row]<\/p>\n<\/div>","protected":false},"excerpt":{"rendered":"<p>[vc_row][vc_column column_width_percent=\u00a0\u00bb100&Prime; align_horizontal=\u00a0\u00bbalign_center\u00a0\u00bb gutter_size=\u00a0\u00bb3&Prime; overlay_alpha=\u00a0\u00bb50&Prime; shift_x=\u00a0\u00bb0&Prime; shift_y=\u00a0\u00bb0&Prime; shift_y_down=\u00a0\u00bb0&Prime; z_index=\u00a0\u00bb0&Prime; medium_width=\u00a0\u00bb0&Prime; mobile_width=\u00a0\u00bb0&Prime; css_animation=\u00a0\u00bbtop-t-bottom\u00a0\u00bb width=\u00a0\u00bb1\/1&Prime; uncode_shortcode_id=\u00a0\u00bb991622&Prime;][vc_custom_heading text_color=\u00a0\u00bbcolor-vyce\u00a0\u00bb text_font=\u00a0\u00bbfont-182521&Prime; text_size=\u00a0\u00bbh1&Prime; css_animation=\u00a0\u00bbtop-t-bottom\u00a0\u00bb uncode_shortcode_id=\u00a0\u00bb415766&Prime; text_color_type=\u00a0\u00bbuncode-palette\u00a0\u00bb]Le [&hellip;]<\/p>\n","protected":false},"author":248,"featured_media":0,"parent":0,"menu_order":0,"comment_status":"closed","ping_status":"closed","template":"","meta":{"footnotes":""},"_links":{"self":[{"href":"https:\/\/www.jardinerieprosperi.fr\/fr\/wp-json\/wp\/v2\/pages\/1691"}],"collection":[{"href":"https:\/\/www.jardinerieprosperi.fr\/fr\/wp-json\/wp\/v2\/pages"}],"about":[{"href":"https:\/\/www.jardinerieprosperi.fr\/fr\/wp-json\/wp\/v2\/types\/page"}],"author":[{"embeddable":true,"href":"https:\/\/www.jardinerieprosperi.fr\/fr\/wp-json\/wp\/v2\/users\/248"}],"replies":[{"embeddable":true,"href":"https:\/\/www.jardinerieprosperi.fr\/fr\/wp-json\/wp\/v2\/comments?post=1691"}],"version-history":[{"count":36,"href":"https:\/\/www.jardinerieprosperi.fr\/fr\/wp-json\/wp\/v2\/pages\/1691\/revisions"}],"predecessor-version":[{"id":21367,"href":"https:\/\/www.jardinerieprosperi.fr\/fr\/wp-json\/wp\/v2\/pages\/1691\/revisions\/21367"}],"wp:attachment":[{"href":"https:\/\/www.jardinerieprosperi.fr\/fr\/wp-json\/wp\/v2\/media?parent=1691"}],"curies":[{"name":"wp","href":"https:\/\/api.w.org\/{rel}","templated":true}]}}