{"id":443,"date":"2019-04-05T21:07:05","date_gmt":"2019-04-05T19:07:05","guid":{"rendered":"https:\/\/test-website.fr\/?page_id=443"},"modified":"2023-11-23T20:59:10","modified_gmt":"2023-11-23T19:59:10","slug":"certification","status":"publish","type":"page","link":"https:\/\/www.jardinerieprosperi.fr\/fr\/certification\/","title":{"rendered":"Certification"},"content":{"rendered":"<div class=\"wpb-content-wrapper\"><p>[vc_row][vc_column column_width_percent=\u00a0\u00bb100&Prime; align_horizontal=\u00a0\u00bbalign_center\u00a0\u00bb gutter_size=\u00a0\u00bb3&Prime; overlay_alpha=\u00a0\u00bb50&Prime; shift_x=\u00a0\u00bb0&Prime; shift_y=\u00a0\u00bb0&Prime; shift_y_down=\u00a0\u00bb0&Prime; z_index=\u00a0\u00bb0&Prime; medium_width=\u00a0\u00bb0&Prime; mobile_width=\u00a0\u00bb0&Prime; width=\u00a0\u00bb1\/1&Prime; uncode_shortcode_id=\u00a0\u00bb104561&Prime;][vc_custom_heading text_color=\u00a0\u00bbcolor-vyce\u00a0\u00bb text_font=\u00a0\u00bbfont-182521&Prime; text_size=\u00a0\u00bbh1&Prime; css_animation=\u00a0\u00bbtop-t-bottom\u00a0\u00bb uncode_shortcode_id=\u00a0\u00bb113817&Prime; text_color_type=\u00a0\u00bbuncode-palette\u00a0\u00bb]Certification[\/vc_custom_heading][\/vc_column][\/vc_row][vc_row row_height_percent=\u00a0\u00bb0&Prime; override_padding=\u00a0\u00bbyes\u00a0\u00bb h_padding=\u00a0\u00bb2&Prime; top_padding=\u00a0\u00bb2&Prime; bottom_padding=\u00a0\u00bb3&Prime; overlay_alpha=\u00a0\u00bb50&Prime; gutter_size=\u00a0\u00bb3&Prime; column_width_percent=\u00a0\u00bb100&Prime; shift_y=\u00a0\u00bb0&Prime; z_index=\u00a0\u00bb0&Prime; uncode_shortcode_id=\u00a0\u00bb153944&Prime;][vc_column width=\u00a0\u00bb1\/1&Prime;][vc_row_inner limit_content=\u00a0\u00bb\u00a0\u00bb][vc_column_inner column_width_percent=\u00a0\u00bb100&Prime; position_vertical=\u00a0\u00bbmiddle\u00a0\u00bb gutter_size=\u00a0\u00bb3&Prime; overlay_alpha=\u00a0\u00bb50&Prime; shift_x=\u00a0\u00bb0&Prime; shift_y=\u00a0\u00bb0&Prime; shift_y_down=\u00a0\u00bb0&Prime; z_index=\u00a0\u00bb0&Prime; medium_width=\u00a0\u00bb0&Prime; mobile_width=\u00a0\u00bb0&Prime; css_animation=\u00a0\u00bbleft-t-right\u00a0\u00bb width=\u00a0\u00bb1\/2&Prime; uncode_shortcode_id=\u00a0\u00bb691344&Prime;][vc_custom_heading text_color=\u00a0\u00bbcolor-210407&Prime; text_size=\u00a0\u00bbh1&Prime; uncode_shortcode_id=\u00a0\u00bb133691&Prime; text_color_type=\u00a0\u00bbuncode-palette\u00a0\u00bb]Xylella Fastidiosa[\/vc_custom_heading][vc_custom_heading text_color=\u00a0\u00bbcolor-vyce\u00a0\u00bb text_size=\u00a0\u00bbh4&Prime; uncode_shortcode_id=\u00a0\u00bb120131&Prime; text_color_type=\u00a0\u00bbuncode-palette\u00a0\u00bb]Explication de la Xylella Fastidiosa[\/vc_custom_heading][vc_column_text uncode_shortcode_id=\u00a0\u00bb152346&Prime;]<\/p>\n<p style=\"text-align: justify;\">Depuis 2014, une bonne partie de la v\u00e9g\u00e9tation sur le territoire fran\u00e7ais est touch\u00e9e par une maladie du nom de Xylella Fastidiosa; souche multiplexe qui frappe un nombre important de v\u00e9g\u00e9taux m\u00e9diterran\u00e9ens et autres. Suite aux nouvelles contraintes phytosanitaires dues \u00e0 l&rsquo;apparition de cette bact\u00e9rie, les p\u00e9pini\u00e8res Prosperi ont mis en place un important syst\u00e8me de contr\u00f4le, \u00e0 la fois puissant et efficace, pour endiguer cette maladie sur les v\u00e9g\u00e9taux pr\u00e9sent\u00e9es dans son vivier. Parall\u00e8lement, la communaut\u00e9 europ\u00e9enne a, elle aussi, pris de nombreuses dispositions pour \u00e9viter la propagation de celle ci. Gr\u00e2ce \u00e0 ces mesures crois\u00e9es, les p\u00e9pini\u00e8res Prosperi peuvent continuer \u00e0 vous offrir des plantes en parfaite sant\u00e9 phytosanitaire.<\/p>\n<p>[\/vc_column_text][\/vc_column_inner][vc_column_inner column_width_percent=\u00a0\u00bb100&Prime; gutter_size=\u00a0\u00bb3&Prime; overlay_alpha=\u00a0\u00bb50&Prime; shift_x=\u00a0\u00bb0&Prime; shift_y=\u00a0\u00bb0&Prime; shift_y_down=\u00a0\u00bb0&Prime; z_index=\u00a0\u00bb0&Prime; medium_width=\u00a0\u00bb0&Prime; mobile_width=\u00a0\u00bb0&Prime; css_animation=\u00a0\u00bbright-t-left\u00a0\u00bb width=\u00a0\u00bb1\/2&Prime; uncode_shortcode_id=\u00a0\u00bb808631&Prime;][vc_single_image media=\u00a0\u00bb20129&Prime; media_width_percent=\u00a0\u00bb100&Prime; uncode_shortcode_id=\u00a0\u00bb146808&Prime;][\/vc_column_inner][\/vc_row_inner][\/vc_column][\/vc_row][vc_row row_height_percent=\u00a0\u00bb0&Prime; override_padding=\u00a0\u00bbyes\u00a0\u00bb h_padding=\u00a0\u00bb2&Prime; top_padding=\u00a0\u00bb3&Prime; bottom_padding=\u00a0\u00bb3&Prime; back_color=\u00a0\u00bbcolor-lxmt\u00a0\u00bb overlay_alpha=\u00a0\u00bb50&Prime; equal_height=\u00a0\u00bbyes\u00a0\u00bb gutter_size=\u00a0\u00bb3&Prime; column_width_percent=\u00a0\u00bb100&Prime; shift_y=\u00a0\u00bb0&Prime; z_index=\u00a0\u00bb0&Prime; inverted_device_order=\u00a0\u00bbyes\u00a0\u00bb uncode_shortcode_id=\u00a0\u00bb103481&Prime; back_color_type=\u00a0\u00bbuncode-palette\u00a0\u00bb][vc_column width=\u00a0\u00bb1\/2&Prime;][vc_empty_space empty_h=\u00a0\u00bb3&Prime; medium_visibility=\u00a0\u00bbyes\u00a0\u00bb mobile_visibility=\u00a0\u00bbyes\u00a0\u00bb][vc_single_image media=\u00a0\u00bb20133&Prime; media_width_percent=\u00a0\u00bb100&Prime; css_animation=\u00a0\u00bbparallax\u00a0\u00bb parallax_intensity=\u00a0\u00bb4&Prime; uncode_shortcode_id=\u00a0\u00bb151454&Prime;][\/vc_column][vc_column column_width_use_pixel=\u00a0\u00bbyes\u00a0\u00bb gutter_size=\u00a0\u00bb3&Prime; overlay_alpha=\u00a0\u00bb50&Prime; shift_x=\u00a0\u00bb0&Prime; shift_y=\u00a0\u00bb0&Prime; shift_y_down=\u00a0\u00bb0&Prime; z_index=\u00a0\u00bb0&Prime; medium_width=\u00a0\u00bb0&Prime; mobile_width=\u00a0\u00bb0&Prime; width=\u00a0\u00bb1\/2&Prime; uncode_shortcode_id=\u00a0\u00bb643587&Prime; column_width_pixel=\u00a0\u00bb800&Prime;][vc_custom_heading text_color=\u00a0\u00bbcolor-210407&Prime; text_size=\u00a0\u00bbh1&Prime; css_animation=\u00a0\u00bbtop-t-bottom\u00a0\u00bb uncode_shortcode_id=\u00a0\u00bb137828&Prime; text_color_type=\u00a0\u00bbuncode-palette\u00a0\u00bb]Tra\u00e7abilit\u00e9 palmiers[\/vc_custom_heading][vc_column_text uncode_shortcode_id=\u00a0\u00bb827081&Prime;]<\/p>\n<p style=\"text-align: justify;\">Les p\u00e9pini\u00e8res Prosperi, leader dans la distribution des palmiers sur la C\u00f4te d\u2019Azur, ont \u00e9t\u00e9 confront\u00e9es depuis 2010 \u00e0 2 nouveaux ravageurs: le Paysandisia Archon et le Rhyncophorus Ferrugineus. Pour y rem\u00e9dier, nous avons d\u00e9cid\u00e9 de mettre en place au sein de notre \u00e9tablissement un syst\u00e8me de tra\u00e7abilit\u00e9 pour les palmiers. L\u2019objectif de ce nouveau syst\u00e8me est simple, garantir la sant\u00e9 phytosanitaire des palmiers d\u2019un bout \u00e0 l\u2019autre du processus de production c\u2019est \u00e0 dire depuis le producteur jusqu\u2019au client final. Ainsi nous nous effor\u00e7ons de v\u00e9rifier que le palmier qui est chez nous et qui repart chez vous soit toujours sein et de qualit\u00e9. Ce syst\u00e8me de tra\u00e7abilit\u00e9 poursuit 3 objectifs de contr\u00f4le dans l\u2019activit\u00e9 \u00e9conomique et phytosanitaire, qui se d\u00e9compose de la mani\u00e8re suivante :<\/p>\n<p>[\/vc_column_text][vc_row_inner row_inner_height_percent=\u00a0\u00bb0&Prime; overlay_alpha=\u00a0\u00bb50&Prime; gutter_size=\u00a0\u00bb0&Prime; shift_y=\u00a0\u00bb0&Prime; z_index=\u00a0\u00bb0&Prime; limit_content=\u00a0\u00bb\u00a0\u00bb uncode_shortcode_id=\u00a0\u00bb194142&Prime;][vc_column_inner column_width_percent=\u00a0\u00bb100&Prime; position_vertical=\u00a0\u00bbmiddle\u00a0\u00bb align_horizontal=\u00a0\u00bbalign_center\u00a0\u00bb gutter_size=\u00a0\u00bb3&Prime; overlay_alpha=\u00a0\u00bb50&Prime; shift_x=\u00a0\u00bb0&Prime; shift_y=\u00a0\u00bb0&Prime; shift_y_down=\u00a0\u00bb0&Prime; z_index=\u00a0\u00bb0&Prime; medium_width=\u00a0\u00bb0&Prime; mobile_width=\u00a0\u00bb0&Prime; css_animation=\u00a0\u00bbleft-t-right\u00a0\u00bb width=\u00a0\u00bb1\/6&Prime; uncode_shortcode_id=\u00a0\u00bb955451&Prime;][vc_custom_heading text_color=\u00a0\u00bbaccent\u00a0\u00bb uncode_shortcode_id=\u00a0\u00bb182590&Prime; text_color_type=\u00a0\u00bbuncode-palette\u00a0\u00bb]1.[\/vc_custom_heading][\/vc_column_inner][vc_column_inner column_width_percent=\u00a0\u00bb100&Prime; gutter_size=\u00a0\u00bb3&Prime; overlay_alpha=\u00a0\u00bb50&Prime; shift_x=\u00a0\u00bb0&Prime; shift_y=\u00a0\u00bb0&Prime; shift_y_down=\u00a0\u00bb0&Prime; z_index=\u00a0\u00bb0&Prime; medium_width=\u00a0\u00bb0&Prime; mobile_width=\u00a0\u00bb0&Prime; css_animation=\u00a0\u00bbright-t-left\u00a0\u00bb width=\u00a0\u00bb5\/6&Prime; uncode_shortcode_id=\u00a0\u00bb191462&Prime;][vc_column_text uncode_shortcode_id=\u00a0\u00bb166435&Prime;]<\/p>\n<p style=\"text-align: justify;\">Sur les palmiers est pos\u00e9 un collier portant un num\u00e9ro qui identifie : sa zone de production, le moment o\u00f9 il a \u00e9t\u00e9 extrait de la pleine terre et celui de son arriv\u00e9e en p\u00e9pini\u00e8res pour \u00eatre mis en vente.<\/p>\n<p>[\/vc_column_text][\/vc_column_inner][\/vc_row_inner][vc_row_inner row_inner_height_percent=\u00a0\u00bb0&Prime; overlay_alpha=\u00a0\u00bb50&Prime; gutter_size=\u00a0\u00bb0&Prime; shift_y=\u00a0\u00bb0&Prime; z_index=\u00a0\u00bb0&Prime; limit_content=\u00a0\u00bb\u00a0\u00bb uncode_shortcode_id=\u00a0\u00bb194142&Prime;][vc_column_inner column_width_percent=\u00a0\u00bb100&Prime; position_vertical=\u00a0\u00bbmiddle\u00a0\u00bb align_horizontal=\u00a0\u00bbalign_center\u00a0\u00bb gutter_size=\u00a0\u00bb3&Prime; overlay_alpha=\u00a0\u00bb50&Prime; shift_x=\u00a0\u00bb0&Prime; shift_y=\u00a0\u00bb0&Prime; shift_y_down=\u00a0\u00bb0&Prime; z_index=\u00a0\u00bb0&Prime; medium_width=\u00a0\u00bb0&Prime; mobile_width=\u00a0\u00bb0&Prime; css_animation=\u00a0\u00bbleft-t-right\u00a0\u00bb width=\u00a0\u00bb1\/6&Prime; uncode_shortcode_id=\u00a0\u00bb135244&Prime;][vc_custom_heading text_color=\u00a0\u00bbaccent\u00a0\u00bb uncode_shortcode_id=\u00a0\u00bb124591&Prime; text_color_type=\u00a0\u00bbuncode-palette\u00a0\u00bb]2.[\/vc_custom_heading][\/vc_column_inner][vc_column_inner column_width_percent=\u00a0\u00bb100&Prime; gutter_size=\u00a0\u00bb3&Prime; overlay_alpha=\u00a0\u00bb50&Prime; shift_x=\u00a0\u00bb0&Prime; shift_y=\u00a0\u00bb0&Prime; shift_y_down=\u00a0\u00bb0&Prime; z_index=\u00a0\u00bb0&Prime; medium_width=\u00a0\u00bb0&Prime; mobile_width=\u00a0\u00bb0&Prime; css_animation=\u00a0\u00bbright-t-left\u00a0\u00bb width=\u00a0\u00bb5\/6&Prime; uncode_shortcode_id=\u00a0\u00bb204061&Prime;][vc_column_text uncode_shortcode_id=\u00a0\u00bb130854&Prime;]<\/p>\n<p style=\"text-align: justify;\">Ces plantes, peuvent ainsi raciner correctement, se nourrir et s\u2019adapter \u00e0 la mise en place sur notre sol, entre l\u2019arriv\u00e9e dans nos p\u00e9pini\u00e8res et leurs d\u00e9part chez le client.<\/p>\n<p>[\/vc_column_text][\/vc_column_inner][\/vc_row_inner][vc_row_inner row_inner_height_percent=\u00a0\u00bb0&Prime; overlay_alpha=\u00a0\u00bb50&Prime; gutter_size=\u00a0\u00bb0&Prime; shift_y=\u00a0\u00bb0&Prime; z_index=\u00a0\u00bb0&Prime; limit_content=\u00a0\u00bb\u00a0\u00bb uncode_shortcode_id=\u00a0\u00bb194142&Prime;][vc_column_inner column_width_percent=\u00a0\u00bb100&Prime; position_vertical=\u00a0\u00bbmiddle\u00a0\u00bb align_horizontal=\u00a0\u00bbalign_center\u00a0\u00bb gutter_size=\u00a0\u00bb3&Prime; overlay_alpha=\u00a0\u00bb50&Prime; shift_x=\u00a0\u00bb0&Prime; shift_y=\u00a0\u00bb0&Prime; shift_y_down=\u00a0\u00bb0&Prime; z_index=\u00a0\u00bb0&Prime; medium_width=\u00a0\u00bb0&Prime; mobile_width=\u00a0\u00bb0&Prime; css_animation=\u00a0\u00bbleft-t-right\u00a0\u00bb width=\u00a0\u00bb1\/6&Prime; uncode_shortcode_id=\u00a0\u00bb561703&Prime;][vc_custom_heading text_color=\u00a0\u00bbaccent\u00a0\u00bb uncode_shortcode_id=\u00a0\u00bb195676&Prime; text_color_type=\u00a0\u00bbuncode-palette\u00a0\u00bb]3.[\/vc_custom_heading][\/vc_column_inner][vc_column_inner column_width_percent=\u00a0\u00bb100&Prime; gutter_size=\u00a0\u00bb3&Prime; overlay_alpha=\u00a0\u00bb50&Prime; shift_x=\u00a0\u00bb0&Prime; shift_y=\u00a0\u00bb0&Prime; shift_y_down=\u00a0\u00bb0&Prime; z_index=\u00a0\u00bb0&Prime; medium_width=\u00a0\u00bb0&Prime; mobile_width=\u00a0\u00bb0&Prime; css_animation=\u00a0\u00bbright-t-left\u00a0\u00bb width=\u00a0\u00bb5\/6&Prime; uncode_shortcode_id=\u00a0\u00bb204061&Prime;][vc_column_text uncode_shortcode_id=\u00a0\u00bb198302&Prime;]<\/p>\n<p style=\"text-align: justify;\">Au m\u00eame instant, les palmiers font l\u2019objet de traitements et de contr\u00f4les par les services comp\u00e9tents du minist\u00e8re de l\u2019agriculture pour s\u2019assurer qu\u2019aucun pathog\u00e8ne ne soit pr\u00e9sent \u00e0 l\u2019int\u00e9rieur et \u00e0 l\u2019ext\u00e9rieur de celui ci.<\/p>\n<p>[\/vc_column_text][\/vc_column_inner][\/vc_row_inner][vc_column_text uncode_shortcode_id=\u00a0\u00bb184745&Prime;]<\/p>\n<p style=\"text-align: justify;\">Gr\u00e2ce \u00e0 cette proc\u00e9dure, nos clients peuvent \u00eatre rassur\u00e9s sur l\u2019\u00e9tat de sant\u00e9 g\u00e9n\u00e9ral et phytosanitaire de nos plantes. Si malgr\u00e9 toutes ces pr\u00e9cautions, un quelconque probl\u00e8me se produirait a cause ces ravageurs (apr\u00e8s constat d\u2019un expert en la mati\u00e8re), les p\u00e9pini\u00e8res Prosperi s\u2019engagent pendant un an \u00e0 les remplacer. La mise en place de toutes ces garanties ont permis \u00e0 notre \u00e9tablissement de devenir un acteur incontournable de l\u2019am\u00e9nagement des jardins et parcs de la C\u00f4te d\u2019Azur. Notre fiert\u00e9 est de contribuer activement \u00e0 limiter les d\u00e9g\u00e2ts dues a ces insectes sur tout notre patrimoine v\u00e9g\u00e9tal; ainsi, nous nous effor\u00e7ons de poursuivons et d\u2019am\u00e9liorer nos recherches pour optimiser ann\u00e9e apr\u00e8s ann\u00e9e ce nouveau syst\u00e8me de tra\u00e7abilit\u00e9.<\/p>\n<p>[\/vc_column_text][\/vc_column][\/vc_row][vc_row row_height_percent=\u00a0\u00bb0&Prime; override_padding=\u00a0\u00bbyes\u00a0\u00bb h_padding=\u00a0\u00bb2&Prime; top_padding=\u00a0\u00bb3&Prime; bottom_padding=\u00a0\u00bb2&Prime; overlay_alpha=\u00a0\u00bb50&Prime; gutter_size=\u00a0\u00bb3&Prime; column_width_percent=\u00a0\u00bb100&Prime; shift_y=\u00a0\u00bb0&Prime; z_index=\u00a0\u00bb0&Prime; uncode_shortcode_id=\u00a0\u00bb895113&Prime;][vc_column column_width_percent=\u00a0\u00bb100&Prime; align_horizontal=\u00a0\u00bbalign_center\u00a0\u00bb gutter_size=\u00a0\u00bb3&Prime; overlay_alpha=\u00a0\u00bb50&Prime; shift_x=\u00a0\u00bb0&Prime; shift_y=\u00a0\u00bb0&Prime; shift_y_down=\u00a0\u00bb0&Prime; z_index=\u00a0\u00bb0&Prime; medium_width=\u00a0\u00bb0&Prime; mobile_width=\u00a0\u00bb0&Prime; width=\u00a0\u00bb1\/1&Prime; uncode_shortcode_id=\u00a0\u00bb198626&Prime;][vc_custom_heading text_color=\u00a0\u00bbcolor-210407&Prime; text_font=\u00a0\u00bbfont-609760&Prime; text_weight=\u00a0\u00bb500&Prime; text_transform=\u00a0\u00bbuppercase\u00a0\u00bb uncode_shortcode_id=\u00a0\u00bb171533&Prime; text_color_type=\u00a0\u00bbuncode-palette\u00a0\u00bb]V\u00e9g\u00e9taux touch\u00e9s[\/vc_custom_heading][vc_row_inner limit_content=\u00a0\u00bb\u00a0\u00bb][vc_column_inner column_width_percent=\u00a0\u00bb100&Prime; align_horizontal=\u00a0\u00bbalign_center\u00a0\u00bb gutter_size=\u00a0\u00bb2&Prime; overlay_alpha=\u00a0\u00bb50&Prime; shift_x=\u00a0\u00bb0&Prime; shift_y=\u00a0\u00bb0&Prime; shift_y_down=\u00a0\u00bb0&Prime; z_index=\u00a0\u00bb0&Prime; medium_width=\u00a0\u00bb0&Prime; mobile_width=\u00a0\u00bb0&Prime; width=\u00a0\u00bb1\/6&Prime; uncode_shortcode_id=\u00a0\u00bb123729&Prime;][vc_single_image media=\u00a0\u00bb616&Prime; media_width_percent=\u00a0\u00bb100&Prime; media_ratio=\u00a0\u00bbone-one\u00a0\u00bb uncode_shortcode_id=\u00a0\u00bb191282&Prime;][vc_custom_heading text_color=\u00a0\u00bbcolor-wayh\u00a0\u00bb heading_semantic=\u00a0\u00bbp\u00a0\u00bb text_size=\u00a0\u00bbh6&Prime; uncode_shortcode_id=\u00a0\u00bb203287&Prime; text_color_type=\u00a0\u00bbuncode-palette\u00a0\u00bb]Cistus Monspeliensis[\/vc_custom_heading][\/vc_column_inner][vc_column_inner column_width_percent=\u00a0\u00bb100&Prime; align_horizontal=\u00a0\u00bbalign_center\u00a0\u00bb gutter_size=\u00a0\u00bb2&Prime; overlay_alpha=\u00a0\u00bb50&Prime; shift_x=\u00a0\u00bb0&Prime; shift_y=\u00a0\u00bb0&Prime; shift_y_down=\u00a0\u00bb0&Prime; z_index=\u00a0\u00bb0&Prime; medium_width=\u00a0\u00bb0&Prime; mobile_width=\u00a0\u00bb0&Prime; width=\u00a0\u00bb1\/6&Prime; uncode_shortcode_id=\u00a0\u00bb168303&Prime;][vc_single_image media=\u00a0\u00bb617&Prime; media_width_percent=\u00a0\u00bb100&Prime; media_ratio=\u00a0\u00bbone-one\u00a0\u00bb uncode_shortcode_id=\u00a0\u00bb200216&Prime;][vc_custom_heading text_color=\u00a0\u00bbcolor-wayh\u00a0\u00bb heading_semantic=\u00a0\u00bbp\u00a0\u00bb text_size=\u00a0\u00bbh6&Prime; uncode_shortcode_id=\u00a0\u00bb136848&Prime; text_color_type=\u00a0\u00bbuncode-palette\u00a0\u00bb]Ficus Carica[\/vc_custom_heading][\/vc_column_inner][vc_column_inner column_width_percent=\u00a0\u00bb100&Prime; align_horizontal=\u00a0\u00bbalign_center\u00a0\u00bb gutter_size=\u00a0\u00bb2&Prime; overlay_alpha=\u00a0\u00bb50&Prime; shift_x=\u00a0\u00bb0&Prime; shift_y=\u00a0\u00bb0&Prime; shift_y_down=\u00a0\u00bb0&Prime; z_index=\u00a0\u00bb0&Prime; medium_width=\u00a0\u00bb0&Prime; mobile_width=\u00a0\u00bb0&Prime; width=\u00a0\u00bb1\/6&Prime; uncode_shortcode_id=\u00a0\u00bb186664&Prime;][vc_single_image media=\u00a0\u00bb618&Prime; media_width_percent=\u00a0\u00bb100&Prime; media_ratio=\u00a0\u00bbone-one\u00a0\u00bb uncode_shortcode_id=\u00a0\u00bb732027&Prime;][vc_custom_heading text_color=\u00a0\u00bbcolor-wayh\u00a0\u00bb heading_semantic=\u00a0\u00bbp\u00a0\u00bb text_size=\u00a0\u00bbh6&Prime; uncode_shortcode_id=\u00a0\u00bb149012&Prime; text_color_type=\u00a0\u00bbuncode-palette\u00a0\u00bb]Lavandula Dentata[\/vc_custom_heading][\/vc_column_inner][vc_column_inner column_width_percent=\u00a0\u00bb100&Prime; align_horizontal=\u00a0\u00bbalign_center\u00a0\u00bb gutter_size=\u00a0\u00bb2&Prime; overlay_alpha=\u00a0\u00bb50&Prime; shift_x=\u00a0\u00bb0&Prime; shift_y=\u00a0\u00bb0&Prime; shift_y_down=\u00a0\u00bb0&Prime; z_index=\u00a0\u00bb0&Prime; medium_width=\u00a0\u00bb0&Prime; mobile_width=\u00a0\u00bb0&Prime; width=\u00a0\u00bb1\/6&Prime; uncode_shortcode_id=\u00a0\u00bb160026&Prime;][vc_single_image media=\u00a0\u00bb619&Prime; media_width_percent=\u00a0\u00bb100&Prime; media_ratio=\u00a0\u00bbone-one\u00a0\u00bb uncode_shortcode_id=\u00a0\u00bb788187&Prime;][vc_custom_heading text_color=\u00a0\u00bbcolor-wayh\u00a0\u00bb heading_semantic=\u00a0\u00bbp\u00a0\u00bb text_size=\u00a0\u00bbh6&Prime; uncode_shortcode_id=\u00a0\u00bb466397&Prime; text_color_type=\u00a0\u00bbuncode-palette\u00a0\u00bb]Myrtus Communis[\/vc_custom_heading][\/vc_column_inner][vc_column_inner column_width_percent=\u00a0\u00bb100&Prime; align_horizontal=\u00a0\u00bbalign_center\u00a0\u00bb gutter_size=\u00a0\u00bb2&Prime; overlay_alpha=\u00a0\u00bb50&Prime; shift_x=\u00a0\u00bb0&Prime; shift_y=\u00a0\u00bb0&Prime; shift_y_down=\u00a0\u00bb0&Prime; z_index=\u00a0\u00bb0&Prime; medium_width=\u00a0\u00bb0&Prime; mobile_width=\u00a0\u00bb0&Prime; width=\u00a0\u00bb1\/6&Prime; uncode_shortcode_id=\u00a0\u00bb412655&Prime;][vc_single_image media=\u00a0\u00bb620&Prime; media_width_percent=\u00a0\u00bb100&Prime; media_ratio=\u00a0\u00bbone-one\u00a0\u00bb uncode_shortcode_id=\u00a0\u00bb177038&Prime;][vc_custom_heading text_color=\u00a0\u00bbcolor-wayh\u00a0\u00bb heading_semantic=\u00a0\u00bbp\u00a0\u00bb text_size=\u00a0\u00bbh6&Prime; uncode_shortcode_id=\u00a0\u00bb162839&Prime; text_color_type=\u00a0\u00bbuncode-palette\u00a0\u00bb]Anthylis Hermanni[\/vc_custom_heading][\/vc_column_inner][vc_column_inner column_width_percent=\u00a0\u00bb100&Prime; gutter_size=\u00a0\u00bb3&Prime; overlay_alpha=\u00a0\u00bb50&Prime; shift_x=\u00a0\u00bb0&Prime; shift_y=\u00a0\u00bb0&Prime; shift_y_down=\u00a0\u00bb0&Prime; z_index=\u00a0\u00bb0&Prime; desktop_visibility=\u00a0\u00bbyes\u00a0\u00bb medium_visibility=\u00a0\u00bbyes\u00a0\u00bb medium_width=\u00a0\u00bb0&Prime; mobile_visibility=\u00a0\u00bbyes\u00a0\u00bb mobile_width=\u00a0\u00bb0&Prime; width=\u00a0\u00bb1\/6&Prime; uncode_shortcode_id=\u00a0\u00bb816887&Prime;][\/vc_column_inner][\/vc_row_inner][vc_column_text uncode_shortcode_id=\u00a0\u00bb810626&Prime;]<\/p>\n<p style=\"text-align: justify;\">Xylella fastidiosa est une bact\u00e9rie tr\u00e8s polyphage, qui admet une vaste gamme de plantes h\u00f4tes, comprenant de nombreuses esp\u00e8ces de plantes sauvages ou cultiv\u00e9es, souvent des plantes ligneuses mais \u00e9galement certaines plantes herbac\u00e9es. La seule sous-esp\u00e8ce Xylella fastidiosa subsp. fastidiosa, agent causal de la maladie de Pierce, compte 132 esp\u00e8ces de plantes-h\u00f4tes appartenant \u00e0 46 familles diff\u00e9rentes.<\/p>\n<p style=\"text-align: justify;\">Parmi les plantes fruiti\u00e8res susceptibles d\u2019\u00eatre infect\u00e9es par la bact\u00e9rie, figurent des esp\u00e8ces de grand int\u00e9r\u00eat agroeconomique appartenant aux genres Vitis, Citrus, et d\u2019autres agrumes. Les chercheurs explorent les diff\u00e9rents aspects de la propagation de la bact\u00e9rie et de la maladie et les relations entre son principal vecteur et ses plante-h\u00f4tes, ainsi que les cons\u00e9quences socio-\u00e9conomiques des \u00e9pid\u00e9mies sur l\u2019\u00e9conomie agricole.<\/p>\n<p>[\/vc_column_text][vc_button button_color=\u00a0\u00bbaccent\u00a0\u00bb border_width=\u00a0\u00bb0&Prime; link=\u00a0\u00bburl:http%3A%2F%2Fdraaf.paca.agriculture.gouv.fr%2FXyllela-Fastidiosa|target:_blank\u00a0\u00bb button_color_type=\u00a0\u00bbuncode-palette\u00a0\u00bb uncode_shortcode_id=\u00a0\u00bb261616&Prime;]Pour en savoir plus sur la liste des plantes touch\u00e9es, cliquez ici.[\/vc_button][\/vc_column][\/vc_row]<\/p>\n<\/div>","protected":false},"excerpt":{"rendered":"<p>[vc_row][vc_column column_width_percent=\u00a0\u00bb100&Prime; align_horizontal=\u00a0\u00bbalign_center\u00a0\u00bb gutter_size=\u00a0\u00bb3&Prime; overlay_alpha=\u00a0\u00bb50&Prime; shift_x=\u00a0\u00bb0&Prime; shift_y=\u00a0\u00bb0&Prime; shift_y_down=\u00a0\u00bb0&Prime; z_index=\u00a0\u00bb0&Prime; medium_width=\u00a0\u00bb0&Prime; mobile_width=\u00a0\u00bb0&Prime; width=\u00a0\u00bb1\/1&Prime; uncode_shortcode_id=\u00a0\u00bb104561&Prime;][vc_custom_heading text_color=\u00a0\u00bbcolor-vyce\u00a0\u00bb text_font=\u00a0\u00bbfont-182521&Prime; text_size=\u00a0\u00bbh1&Prime; css_animation=\u00a0\u00bbtop-t-bottom\u00a0\u00bb uncode_shortcode_id=\u00a0\u00bb113817&Prime; text_color_type=\u00a0\u00bbuncode-palette\u00a0\u00bb]Certification[\/vc_custom_heading][\/vc_column][\/vc_row][vc_row row_height_percent=\u00a0\u00bb0&Prime; [&hellip;]<\/p>\n","protected":false},"author":248,"featured_media":0,"parent":0,"menu_order":0,"comment_status":"closed","ping_status":"closed","template":"","meta":{"footnotes":""},"_links":{"self":[{"href":"https:\/\/www.jardinerieprosperi.fr\/fr\/wp-json\/wp\/v2\/pages\/443"}],"collection":[{"href":"https:\/\/www.jardinerieprosperi.fr\/fr\/wp-json\/wp\/v2\/pages"}],"about":[{"href":"https:\/\/www.jardinerieprosperi.fr\/fr\/wp-json\/wp\/v2\/types\/page"}],"author":[{"embeddable":true,"href":"https:\/\/www.jardinerieprosperi.fr\/fr\/wp-json\/wp\/v2\/users\/248"}],"replies":[{"embeddable":true,"href":"https:\/\/www.jardinerieprosperi.fr\/fr\/wp-json\/wp\/v2\/comments?post=443"}],"version-history":[{"count":57,"href":"https:\/\/www.jardinerieprosperi.fr\/fr\/wp-json\/wp\/v2\/pages\/443\/revisions"}],"predecessor-version":[{"id":21366,"href":"https:\/\/www.jardinerieprosperi.fr\/fr\/wp-json\/wp\/v2\/pages\/443\/revisions\/21366"}],"wp:attachment":[{"href":"https:\/\/www.jardinerieprosperi.fr\/fr\/wp-json\/wp\/v2\/media?parent=443"}],"curies":[{"name":"wp","href":"https:\/\/api.w.org\/{rel}","templated":true}]}}