{"id":556,"date":"2019-04-06T15:43:08","date_gmt":"2019-04-06T13:43:08","guid":{"rendered":"https:\/\/test-website.fr\/?page_id=556"},"modified":"2023-10-05T23:13:05","modified_gmt":"2023-10-05T21:13:05","slug":"contact","status":"publish","type":"page","link":"https:\/\/www.jardinerieprosperi.fr\/fr\/contact\/","title":{"rendered":"Contact"},"content":{"rendered":"<div class=\"wpb-content-wrapper\"><p>[vc_row][vc_column column_width_percent=\u00a0\u00bb100&Prime; align_horizontal=\u00a0\u00bbalign_center\u00a0\u00bb gutter_size=\u00a0\u00bb3&Prime; overlay_alpha=\u00a0\u00bb50&Prime; shift_x=\u00a0\u00bb0&Prime; shift_y=\u00a0\u00bb0&Prime; shift_y_down=\u00a0\u00bb0&Prime; z_index=\u00a0\u00bb0&Prime; medium_width=\u00a0\u00bb0&Prime; mobile_width=\u00a0\u00bb0&Prime; css_animation=\u00a0\u00bbtop-t-bottom\u00a0\u00bb width=\u00a0\u00bb1\/1&Prime; uncode_shortcode_id=\u00a0\u00bb142853&Prime;][vc_custom_heading text_color=\u00a0\u00bbcolor-vyce\u00a0\u00bb text_font=\u00a0\u00bbfont-182521&Prime; text_size=\u00a0\u00bbh1&Prime; css_animation=\u00a0\u00bbtop-t-bottom\u00a0\u00bb uncode_shortcode_id=\u00a0\u00bb180791&Prime; text_color_type=\u00a0\u00bbuncode-palette\u00a0\u00bb]Contact[\/vc_custom_heading][\/vc_column][\/vc_row][vc_row unlock_row_content=\u00a0\u00bbyes\u00a0\u00bb row_height_percent=\u00a0\u00bb0&Prime; override_padding=\u00a0\u00bbyes\u00a0\u00bb h_padding=\u00a0\u00bb2&Prime; top_padding=\u00a0\u00bb1&Prime; bottom_padding=\u00a0\u00bb2&Prime; overlay_alpha=\u00a0\u00bb50&Prime; equal_height=\u00a0\u00bbyes\u00a0\u00bb gutter_size=\u00a0\u00bb5&Prime; column_width_percent=\u00a0\u00bb100&Prime; shift_y=\u00a0\u00bb0&Prime; z_index=\u00a0\u00bb0&Prime; uncode_shortcode_id=\u00a0\u00bb166111&Prime;][vc_column column_width_percent=\u00a0\u00bb100&Prime; gutter_size=\u00a0\u00bb2&Prime; back_color=\u00a0\u00bbcolor-lxmt\u00a0\u00bb overlay_alpha=\u00a0\u00bb50&Prime; shift_x=\u00a0\u00bb0&Prime; shift_y=\u00a0\u00bb0&Prime; shift_y_down=\u00a0\u00bb0&Prime; z_index=\u00a0\u00bb0&Prime; medium_width=\u00a0\u00bb0&Prime; mobile_width=\u00a0\u00bb0&Prime; css_animation=\u00a0\u00bbright-t-left\u00a0\u00bb width=\u00a0\u00bb1\/2&Prime; uncode_shortcode_id=\u00a0\u00bb135386&Prime; back_color_type=\u00a0\u00bbuncode-palette\u00a0\u00bb][vc_custom_heading text_color=\u00a0\u00bbcolor-210407&Prime; text_font=\u00a0\u00bbfont-182521&Prime; text_size=\u00a0\u00bbh3&Prime; uncode_shortcode_id=\u00a0\u00bb294532&Prime; text_color_type=\u00a0\u00bbuncode-palette\u00a0\u00bb]Quelle est notre adresse ?[\/vc_custom_heading][vc_column_text uncode_shortcode_id=\u00a0\u00bb138560&Prime;]<span class=\"font-609760\">366 Bb du Mercantour<br \/>\n06200 NICE<\/span><\/p>\n<div class=\"uncode_text_column\">\n<p><span class=\"font-609760\"><a href=\"tel:+33493728006\">\ud83d\udcde\u00a0+33 (0)4 93 72 80 06<\/a><br \/>\n<a href=\"mailto:contact@jardinerieprosperi.fr\">\u2709\ufe0f\u00a0contact@jardinerieprosperi.fr<\/a><\/span><\/p>\n<\/div>\n<p>[\/vc_column_text][vc_empty_space][vc_custom_heading text_color=\u00a0\u00bbcolor-210407&Prime; text_font=\u00a0\u00bbfont-182521&Prime; text_size=\u00a0\u00bbh3&Prime; uncode_shortcode_id=\u00a0\u00bb627736&Prime; text_color_type=\u00a0\u00bbuncode-palette\u00a0\u00bb]Quelles sont nos horaires ?[\/vc_custom_heading][vc_custom_heading text_color=\u00a0\u00bbcolor-vyce\u00a0\u00bb text_font=\u00a0\u00bbfont-609760&Prime; text_size=\u00a0\u00bbh5&Prime; uncode_shortcode_id=\u00a0\u00bb609764&Prime; text_color_type=\u00a0\u00bbuncode-palette\u00a0\u00bb]Mi-Mars \u00e0 Mi-Juin[\/vc_custom_heading][vc_column_text uncode_shortcode_id=\u00a0\u00bb128528&Prime;]<span class=\"font-609760\">Lundi au vendredi : 8h-12h30 \/\/ 14h-18h30<br \/>\nSamedi : 8h30-18h30<br \/>\nDimanche : 9h-12h30 \/\/ 14h-18h30<\/span>[\/vc_column_text][vc_custom_heading text_color=\u00a0\u00bbcolor-vyce\u00a0\u00bb text_font=\u00a0\u00bbfont-609760&Prime; text_size=\u00a0\u00bbh5&Prime; uncode_shortcode_id=\u00a0\u00bb103916&Prime; text_color_type=\u00a0\u00bbuncode-palette\u00a0\u00bb]Mi-Juin \u00e0 Mi-Mars[\/vc_custom_heading][vc_column_text uncode_shortcode_id=\u00a0\u00bb194006&Prime;]<span class=\"font-609760\">Lundi au vendredi : 8h-12h30 \/\/ 14h-18h<br \/>\nSamedi : 8h30-18h<br \/>\nDimanche : FERM\u00c9<\/span>[\/vc_column_text][\/vc_column][vc_column column_width_percent=\u00a0\u00bb100&Prime; position_vertical=\u00a0\u00bbmiddle\u00a0\u00bb gutter_size=\u00a0\u00bb3&Prime; overlay_alpha=\u00a0\u00bb50&Prime; shift_x=\u00a0\u00bb0&Prime; shift_y=\u00a0\u00bb0&Prime; shift_y_down=\u00a0\u00bb0&Prime; z_index=\u00a0\u00bb0&Prime; medium_width=\u00a0\u00bb0&Prime; mobile_width=\u00a0\u00bb0&Prime; css_animation=\u00a0\u00bbleft-t-right\u00a0\u00bb width=\u00a0\u00bb1\/2&Prime; uncode_shortcode_id=\u00a0\u00bb948952&Prime;][vc_single_image media=\u00a0\u00bb20938&Prime; media_width_percent=\u00a0\u00bb100&Prime; uncode_shortcode_id=\u00a0\u00bb174672&Prime;][\/vc_column][\/vc_row][vc_row unlock_row_content=\u00a0\u00bbyes\u00a0\u00bb row_height_percent=\u00a0\u00bb0&Prime; override_padding=\u00a0\u00bbyes\u00a0\u00bb h_padding=\u00a0\u00bb2&Prime; top_padding=\u00a0\u00bb2&Prime; bottom_padding=\u00a0\u00bb2&Prime; overlay_alpha=\u00a0\u00bb50&Prime; gutter_size=\u00a0\u00bb3&Prime; column_width_percent=\u00a0\u00bb100&Prime; shift_y=\u00a0\u00bb0&Prime; z_index=\u00a0\u00bb0&Prime; uncode_shortcode_id=\u00a0\u00bb191810&Prime;][vc_column width=\u00a0\u00bb1\/1&Prime;][vc_column_text uncode_shortcode_id=\u00a0\u00bb225591&Prime;]<iframe src=\"https:\/\/maps.google.com\/maps?q=366%20Route%20de%20Mercantour%2C%2006200%20Nice&amp;t=m&amp;z=10&amp;output=embed&amp;iwloc=near\" height=\"500\" frameborder=\"0\" marginwidth=\"0\" marginheight=\"0\" scrolling=\"no\" aria-label=\"366 Route de Mercantour, 06200 Nice\"><\/iframe>[\/vc_column_text][\/vc_column][\/vc_row][vc_row][vc_column column_width_percent=\u00a0\u00bb100&Prime; align_horizontal=\u00a0\u00bbalign_center\u00a0\u00bb gutter_size=\u00a0\u00bb3&Prime; overlay_alpha=\u00a0\u00bb50&Prime; shift_x=\u00a0\u00bb0&Prime; shift_y=\u00a0\u00bb0&Prime; shift_y_down=\u00a0\u00bb0&Prime; z_index=\u00a0\u00bb0&Prime; medium_width=\u00a0\u00bb0&Prime; mobile_width=\u00a0\u00bb0&Prime; css_animation=\u00a0\u00bbtop-t-bottom\u00a0\u00bb width=\u00a0\u00bb1\/1&Prime; uncode_shortcode_id=\u00a0\u00bb229570&Prime;][vc_custom_heading text_color=\u00a0\u00bbcolor-vyce\u00a0\u00bb heading_semantic=\u00a0\u00bbh1&Prime; text_font=\u00a0\u00bbfont-182521&Prime; text_size=\u00a0\u00bbh1&Prime; uncode_shortcode_id=\u00a0\u00bb203031&Prime; text_color_type=\u00a0\u00bbuncode-palette\u00a0\u00bb]Comment venir[\/vc_custom_heading][\/vc_column][\/vc_row][vc_row][vc_column column_width_percent=\u00a0\u00bb100&Prime; align_horizontal=\u00a0\u00bbalign_center\u00a0\u00bb gutter_size=\u00a0\u00bb3&Prime; overlay_alpha=\u00a0\u00bb50&Prime; shift_x=\u00a0\u00bb0&Prime; shift_y=\u00a0\u00bb0&Prime; shift_y_down=\u00a0\u00bb0&Prime; z_index=\u00a0\u00bb0&Prime; medium_width=\u00a0\u00bb0&Prime; mobile_width=\u00a0\u00bb0&Prime; css_animation=\u00a0\u00bbbottom-t-top\u00a0\u00bb width=\u00a0\u00bb1\/3&Prime; uncode_shortcode_id=\u00a0\u00bb113510&Prime;][vc_single_image media=\u00a0\u00bb20199&Prime; media_width_use_pixel=\u00a0\u00bbyes\u00a0\u00bb media_ratio=\u00a0\u00bbone-one\u00a0\u00bb alignment=\u00a0\u00bbcenter\u00a0\u00bb uncode_shortcode_id=\u00a0\u00bb766803&Prime; media_width_pixel=\u00a0\u00bb300&Prime;][vc_custom_heading text_color=\u00a0\u00bbcolor-210407&Prime; text_font=\u00a0\u00bbfont-609760&Prime; text_size=\u00a0\u00bbh4&Prime; text_transform=\u00a0\u00bbuppercase\u00a0\u00bb uncode_shortcode_id=\u00a0\u00bb975659&Prime; text_color_type=\u00a0\u00bbuncode-palette\u00a0\u00bb]Bus (n\u00b059 et n\u00b070)[\/vc_custom_heading][vc_accordion gutter_simple=\u00a0\u00bb0&Prime; uncode_shortcode_id=\u00a0\u00bb182180&Prime; active_tab=\u00a0\u00bb0&Prime;][vc_accordion_tab gutter_size=\u00a0\u00bb2&Prime; column_padding=\u00a0\u00bb1&Prime; title=\u00a0\u00bbNice centre ville \u2193\u00a0\u00bb tab_id=\u00a0\u00bb1691608091-1-84&Prime;][vc_column_text uncode_shortcode_id=\u00a0\u00bb448988&Prime;]Nice Centre (arr\u00eat Jean M\u00e9decin\/H\u00f4tel des Postes) prendre la ligne 59.<\/p>\n<p>Descendre \u00e0 l\u2019arr\u00eat <strong>Les Barraques<\/strong>.[\/vc_column_text][\/vc_accordion_tab][vc_accordion_tab gutter_size=\u00a0\u00bb2&Prime; column_padding=\u00a0\u00bb2&Prime; title=\u00a0\u00bbSaint Laurent du Var \u2193\u00a0\u00bb tab_id=\u00a0\u00bb1691608091-2-32&Prime;][vc_column_text uncode_shortcode_id=\u00a0\u00bb173678&Prime;]De Saint laurent du var, depuis la ligne 200, 400 ou 500 faire correspondance avec la ligne 59 situ\u00e9e \u00e0 la Promenade chauss\u00e9e Nord (a\u00e9roport).<\/p>\n<p>Descendre ensuite \u00e0 l\u2019arr\u00eat <strong>Les Barraques<\/strong>.[\/vc_column_text][\/vc_accordion_tab][vc_accordion_tab gutter_size=\u00a0\u00bb2&Prime; column_padding=\u00a0\u00bb2&Prime; title=\u00a0\u00bbCagnes sur mer \u2193\u00a0\u00bb tab_id=\u00a0\u00bbd5921617-984a-4&Prime;][vc_column_text uncode_shortcode_id=\u00a0\u00bb114040&Prime;]De Cagnes, prendre la ligne 200, 400, 500 ou 94 pour faire correspondance avec la ligne 59 situ\u00e9e \u00e0 la Promenade chauss\u00e9e Nord (a\u00e9roport).<\/p>\n<p>Descendre \u00e0 l\u2019arr\u00eat Les <strong>Barraques<\/strong>.[\/vc_column_text][\/vc_accordion_tab][vc_accordion_tab gutter_size=\u00a0\u00bb2&Prime; column_padding=\u00a0\u00bb2&Prime; title=\u00a0\u00bbSaint Isidore \u2193\u00a0\u00bb tab_id=\u00a0\u00bb82fc442a-e193-9&Prime;][vc_column_text uncode_shortcode_id=\u00a0\u00bb102380&Prime;]De Carros, emprunter la ligne 11, 59 ou 70 et descendre \u00e0 l\u2019arr\u00eat <strong>Les Barraques<\/strong>.[\/vc_column_text][\/vc_accordion_tab][vc_accordion_tab gutter_size=\u00a0\u00bb2&Prime; column_padding=\u00a0\u00bb2&Prime; title=\u00a0\u00bbCarros \u2193\u00a0\u00bb tab_id=\u00a0\u00bb1bca998b-76c1-0&Prime;][vc_column_text uncode_shortcode_id=\u00a0\u00bb726906&Prime;]De Carros, emprunter la ligne 70 et descendre \u00e0 l\u2019arr\u00eat <strong>Les Barraques<\/strong>.[\/vc_column_text][\/vc_accordion_tab][\/vc_accordion][vc_button button_color=\u00a0\u00bbcolor-210407&Prime; outline=\u00a0\u00bbyes\u00a0\u00bb border_width=\u00a0\u00bb0&Prime; scale_mobile=\u00a0\u00bbno\u00a0\u00bb link=\u00a0\u00bburl:https%3A%2F%2Fwww.lignesdazur.com%2F|target:_blank\u00a0\u00bb button_color_type=\u00a0\u00bbuncode-palette\u00a0\u00bb uncode_shortcode_id=\u00a0\u00bb200861&Prime;]Plus d&rsquo;informations[\/vc_button][\/vc_column][vc_column column_width_percent=\u00a0\u00bb100&Prime; align_horizontal=\u00a0\u00bbalign_center\u00a0\u00bb gutter_size=\u00a0\u00bb3&Prime; overlay_alpha=\u00a0\u00bb50&Prime; shift_x=\u00a0\u00bb0&Prime; shift_y=\u00a0\u00bb0&Prime; shift_y_down=\u00a0\u00bb0&Prime; z_index=\u00a0\u00bb0&Prime; medium_width=\u00a0\u00bb0&Prime; mobile_width=\u00a0\u00bb0&Prime; css_animation=\u00a0\u00bbbottom-t-top\u00a0\u00bb width=\u00a0\u00bb1\/3&Prime; uncode_shortcode_id=\u00a0\u00bb119641&Prime;][vc_single_image media=\u00a0\u00bb20201&Prime; media_width_use_pixel=\u00a0\u00bbyes\u00a0\u00bb media_ratio=\u00a0\u00bbone-one\u00a0\u00bb alignment=\u00a0\u00bbcenter\u00a0\u00bb uncode_shortcode_id=\u00a0\u00bb203389&Prime; media_width_pixel=\u00a0\u00bb300&Prime;][vc_custom_heading text_color=\u00a0\u00bbcolor-210407&Prime; text_font=\u00a0\u00bbfont-609760&Prime; text_size=\u00a0\u00bbh4&Prime; text_transform=\u00a0\u00bbuppercase\u00a0\u00bb uncode_shortcode_id=\u00a0\u00bb101410&Prime; text_color_type=\u00a0\u00bbuncode-palette\u00a0\u00bb]Tramway[\/vc_custom_heading][vc_column_text uncode_shortcode_id=\u00a0\u00bb212116&Prime;]<\/p>\n<p style=\"text-align: justify;\">D\u00e9part de Nice centre, ligne 2 du tramway arr\u00eat Digue des Fran\u00e7ais puis correspondance avec la ligne 3 du tramway direction St Isidore, descendre \u00e0 l\u2019arr\u00eat Eco parc.<\/p>\n<p>[\/vc_column_text][\/vc_column][vc_column column_width_percent=\u00a0\u00bb100&Prime; align_horizontal=\u00a0\u00bbalign_center\u00a0\u00bb gutter_size=\u00a0\u00bb3&Prime; overlay_alpha=\u00a0\u00bb50&Prime; shift_x=\u00a0\u00bb0&Prime; shift_y=\u00a0\u00bb0&Prime; shift_y_down=\u00a0\u00bb0&Prime; z_index=\u00a0\u00bb0&Prime; medium_width=\u00a0\u00bb0&Prime; mobile_width=\u00a0\u00bb0&Prime; css_animation=\u00a0\u00bbbottom-t-top\u00a0\u00bb width=\u00a0\u00bb1\/3&Prime; uncode_shortcode_id=\u00a0\u00bb237274&Prime;][vc_single_image media=\u00a0\u00bb20200&Prime; media_width_use_pixel=\u00a0\u00bbyes\u00a0\u00bb media_ratio=\u00a0\u00bbone-one\u00a0\u00bb alignment=\u00a0\u00bbcenter\u00a0\u00bb uncode_shortcode_id=\u00a0\u00bb192463&Prime; media_width_pixel=\u00a0\u00bb300&Prime;][vc_custom_heading text_color=\u00a0\u00bbcolor-210407&Prime; text_font=\u00a0\u00bbfont-609760&Prime; text_size=\u00a0\u00bbh4&Prime; text_transform=\u00a0\u00bbuppercase\u00a0\u00bb uncode_shortcode_id=\u00a0\u00bb700203&Prime; text_color_type=\u00a0\u00bbuncode-palette\u00a0\u00bb]Train des Pignes[\/vc_custom_heading][vc_column_text uncode_shortcode_id=\u00a0\u00bb366043&Prime;]<\/p>\n<p style=\"text-align: justify;\">Depuis la gare Nice CP (Chemin de Fer de Provence) vous pouvez prendre le train des pignes jusqu\u2019\u00e0 Saint Isidore. Il faut ensuite prendre la correspondance en bus de Saint Isidore aux P\u00e9pini\u00e8res Prosperi ( arr\u00eat les Barraques ).<\/p>\n<p style=\"text-align: justify;\">Vous pouvez trouver ci-joint les horaires du train des pignes. Ils sont donn\u00e9s \u00e0 titre indicatif et ils sont susceptibles d\u2019\u00eatre modifi\u00e9s.<\/p>\n<p>[\/vc_column_text][vc_button button_color=\u00a0\u00bbcolor-210407&Prime; outline=\u00a0\u00bbyes\u00a0\u00bb border_width=\u00a0\u00bb0&Prime; link=\u00a0\u00bburl:https%3A%2F%2Fwww.cpzou.fr%2F|target:_blank\u00a0\u00bb button_color_type=\u00a0\u00bbuncode-palette\u00a0\u00bb uncode_shortcode_id=\u00a0\u00bb537978&Prime;]Conna\u00eetre les horaires[\/vc_button][\/vc_column][\/vc_row][vc_row][vc_column width=\u00a0\u00bb1\/1&Prime;][vc_single_image media=\u00a0\u00bb20884&Prime; media_width_use_pixel=\u00a0\u00bbyes\u00a0\u00bb alignment=\u00a0\u00bbcenter\u00a0\u00bb css_animation=\u00a0\u00bbzoom-in\u00a0\u00bb uncode_shortcode_id=\u00a0\u00bb144141&Prime; media_width_pixel=\u00a0\u00bb70&Prime;][\/vc_column][\/vc_row][vc_row row_height_percent=\u00a0\u00bb0&Prime; override_padding=\u00a0\u00bbyes\u00a0\u00bb h_padding=\u00a0\u00bb2&Prime; top_padding=\u00a0\u00bb3&Prime; bottom_padding=\u00a0\u00bb2&Prime; overlay_color=\u00a0\u00bbcolor-210407&Prime; overlay_alpha=\u00a0\u00bb50&Prime; gutter_size=\u00a0\u00bb3&Prime; column_width_percent=\u00a0\u00bb100&Prime; shift_y=\u00a0\u00bb0&Prime; z_index=\u00a0\u00bb0&Prime; uncode_shortcode_id=\u00a0\u00bb122544&Prime; overlay_color_type=\u00a0\u00bbuncode-palette\u00a0\u00bb][vc_column column_width_percent=\u00a0\u00bb100&Prime; align_horizontal=\u00a0\u00bbalign_center\u00a0\u00bb gutter_size=\u00a0\u00bb3&Prime; overlay_alpha=\u00a0\u00bb50&Prime; shift_x=\u00a0\u00bb0&Prime; shift_y=\u00a0\u00bb0&Prime; shift_y_down=\u00a0\u00bb0&Prime; z_index=\u00a0\u00bb0&Prime; medium_width=\u00a0\u00bb0&Prime; mobile_width=\u00a0\u00bb0&Prime; css_animation=\u00a0\u00bbtop-t-bottom\u00a0\u00bb width=\u00a0\u00bb1\/1&Prime; uncode_shortcode_id=\u00a0\u00bb276323&Prime;][vc_custom_heading text_color=\u00a0\u00bbcolor-xsdn\u00a0\u00bb heading_semantic=\u00a0\u00bbh1&Prime; text_font=\u00a0\u00bbfont-182521&Prime; text_size=\u00a0\u00bbh1&Prime; uncode_shortcode_id=\u00a0\u00bb195728&Prime; text_color_type=\u00a0\u00bbuncode-palette\u00a0\u00bb]Nous contacter[\/vc_custom_heading][\/vc_column][\/vc_row][vc_row row_height_percent=\u00a0\u00bb0&Prime; override_padding=\u00a0\u00bbyes\u00a0\u00bb h_padding=\u00a0\u00bb2&Prime; top_padding=\u00a0\u00bb1&Prime; bottom_padding=\u00a0\u00bb2&Prime; overlay_color=\u00a0\u00bbcolor-210407&Prime; overlay_alpha=\u00a0\u00bb50&Prime; gutter_size=\u00a0\u00bb3&Prime; column_width_percent=\u00a0\u00bb100&Prime; shift_y=\u00a0\u00bb0&Prime; z_index=\u00a0\u00bb0&Prime; uncode_shortcode_id=\u00a0\u00bb295114&Prime; overlay_color_type=\u00a0\u00bbuncode-palette\u00a0\u00bb][vc_column width=\u00a0\u00bb1\/1&Prime;]<div class=\"wpforms-container \" id=\"wpforms-563\"><form id=\"wpforms-form-563\" class=\"wpforms-validate wpforms-form\" data-formid=\"563\" method=\"post\" enctype=\"multipart\/form-data\" action=\"\/fr\/wp-json\/wp\/v2\/pages\/556\" data-token=\"928b84d2f597765761e75f6a22396dd7\"><noscript class=\"wpforms-error-noscript\">Veuillez activer JavaScript dans votre navigateur pour remplir ce formulaire.<\/noscript><div class=\"wpforms-field-container\"><div id=\"wpforms-563-field_5-container\" class=\"wpforms-field wpforms-field-name\" data-field-id=\"5\"><label class=\"wpforms-field-label wpforms-label-hide\" for=\"wpforms-563-field_5\">Nom &amp; Pr\u00e9nom <span class=\"wpforms-required-label\">*<\/span><\/label><div class=\"wpforms-field-row wpforms-field-large\"><div class=\"wpforms-field-row-block wpforms-first wpforms-one-half\"><input type=\"text\" id=\"wpforms-563-field_5\" class=\"wpforms-field-name-first wpforms-field-required\" name=\"wpforms[fields][5][first]\" placeholder=\"Pr\u00e9nom\" required><label for=\"wpforms-563-field_5\" class=\"wpforms-field-sublabel after wpforms-sublabel-hide\">Pr\u00e9nom<\/label><\/div><div class=\"wpforms-field-row-block wpforms-one-half\"><input type=\"text\" id=\"wpforms-563-field_5-last\" class=\"wpforms-field-name-last wpforms-field-required\" name=\"wpforms[fields][5][last]\" placeholder=\"Nom\" required><label for=\"wpforms-563-field_5-last\" class=\"wpforms-field-sublabel after wpforms-sublabel-hide\">Nom<\/label><\/div><\/div><\/div><div id=\"wpforms-563-field_1-container\" class=\"wpforms-field wpforms-field-email\" data-field-id=\"1\"><label class=\"wpforms-field-label wpforms-label-hide\" for=\"wpforms-563-field_1\">Adresse de contact <span class=\"wpforms-required-label\">*<\/span><\/label><input type=\"email\" id=\"wpforms-563-field_1\" class=\"wpforms-field-large wpforms-field-required\" name=\"wpforms[fields][1]\" placeholder=\"Adresse e-mail\" spellcheck=\"false\" required><\/div><div id=\"wpforms-563-field_3-container\" class=\"wpforms-field wpforms-field-text\" data-field-id=\"3\"><label class=\"wpforms-field-label wpforms-label-hide\" for=\"wpforms-563-field_3\">Sujet<\/label><input type=\"text\" id=\"wpforms-563-field_3\" class=\"wpforms-field-large\" name=\"wpforms[fields][3]\" placeholder=\"Sujet du message\" ><\/div><div id=\"wpforms-563-field_2-container\" class=\"wpforms-field wpforms-field-textarea\" data-field-id=\"2\"><label class=\"wpforms-field-label wpforms-label-hide\" for=\"wpforms-563-field_2\">Commentaires ou message <span class=\"wpforms-required-label\">*<\/span><\/label><textarea id=\"wpforms-563-field_2\" class=\"wpforms-field-medium wpforms-field-required\" name=\"wpforms[fields][2]\" placeholder=\"Votre message...\" required><\/textarea><\/div><\/div><!-- .wpforms-field-container --><div class=\"wpforms-field wpforms-field-hp\"><label for=\"wpforms-563-field-hp\" class=\"wpforms-field-label\">Website<\/label><input type=\"text\" name=\"wpforms[hp]\" id=\"wpforms-563-field-hp\" class=\"wpforms-field-medium\"><\/div><div class=\"wpforms-submit-container\" ><input type=\"hidden\" name=\"wpforms[id]\" value=\"563\"><input type=\"hidden\" name=\"wpforms[author]\" value=\"248\"><button type=\"submit\" name=\"wpforms[submit]\" id=\"wpforms-submit-563\" class=\"wpforms-submit\" data-alt-text=\"Sending...\" data-submit-text=\"Envoyer\" aria-live=\"assertive\" value=\"wpforms-submit\">Envoyer<\/button><\/div><\/form><\/div>  <!-- .wpforms-container -->[\/vc_column][\/vc_row][vc_row row_height_percent=\u00a0\u00bb0&Prime; override_padding=\u00a0\u00bbyes\u00a0\u00bb h_padding=\u00a0\u00bb2&Prime; top_padding=\u00a0\u00bb3&Prime; bottom_padding=\u00a0\u00bb2&Prime; overlay_alpha=\u00a0\u00bb50&Prime; gutter_size=\u00a0\u00bb3&Prime; column_width_percent=\u00a0\u00bb100&Prime; shift_y=\u00a0\u00bb0&Prime; z_index=\u00a0\u00bb0&Prime; uncode_shortcode_id=\u00a0\u00bb628723&Prime;][vc_column column_width_percent=\u00a0\u00bb100&Prime; align_horizontal=\u00a0\u00bbalign_center\u00a0\u00bb gutter_size=\u00a0\u00bb3&Prime; overlay_alpha=\u00a0\u00bb50&Prime; shift_x=\u00a0\u00bb0&Prime; shift_y=\u00a0\u00bb0&Prime; shift_y_down=\u00a0\u00bb0&Prime; z_index=\u00a0\u00bb0&Prime; medium_width=\u00a0\u00bb0&Prime; mobile_width=\u00a0\u00bb0&Prime; css_animation=\u00a0\u00bbtop-t-bottom\u00a0\u00bb width=\u00a0\u00bb1\/1&Prime; uncode_shortcode_id=\u00a0\u00bb276323&Prime;][vc_custom_heading text_color=\u00a0\u00bbcolor-vyce\u00a0\u00bb heading_semantic=\u00a0\u00bbh1&Prime; text_font=\u00a0\u00bbfont-182521&Prime; text_size=\u00a0\u00bbh1&Prime; uncode_shortcode_id=\u00a0\u00bb190070&Prime; text_color_type=\u00a0\u00bbuncode-palette\u00a0\u00bb]Visite virtuelle[\/vc_custom_heading][\/vc_column][\/vc_row][vc_row unlock_row_content=\u00a0\u00bbyes\u00a0\u00bb row_height_percent=\u00a0\u00bb0&Prime; override_padding=\u00a0\u00bbyes\u00a0\u00bb h_padding=\u00a0\u00bb2&Prime; top_padding=\u00a0\u00bb2&Prime; bottom_padding=\u00a0\u00bb0&Prime; overlay_alpha=\u00a0\u00bb50&Prime; gutter_size=\u00a0\u00bb3&Prime; column_width_percent=\u00a0\u00bb100&Prime; shift_y=\u00a0\u00bb0&Prime; z_index=\u00a0\u00bb0&Prime; uncode_shortcode_id=\u00a0\u00bb774967&Prime;][vc_column width=\u00a0\u00bb1\/1&Prime;][vc_column_text uncode_shortcode_id=\u00a0\u00bb180036&Prime;]<iframe style=\"border: 0;\" src=\"https:\/\/www.google.com\/maps\/embed?pb=!4v1563612590113!6m8!1m7!1sCAoSLEFGMVFpcFBNQXY2T2xIVldudnJwaFdRX2V1Mzg0OEwxRHRrV25iQ3B1bFFs!2m2!1d43.695736152632!2d7.1926811025347!3f62.037656469733804!4f-0.19781779595997762!5f0.7820865974627469\" width=\"600\" height=\"450\" frameborder=\"0\" allowfullscreen=\"allowfullscreen\"><\/iframe>[\/vc_column_text][\/vc_column][\/vc_row]<\/p>\n<\/div>","protected":false},"excerpt":{"rendered":"<p>[vc_row][vc_column column_width_percent=\u00a0\u00bb100&Prime; align_horizontal=\u00a0\u00bbalign_center\u00a0\u00bb gutter_size=\u00a0\u00bb3&Prime; overlay_alpha=\u00a0\u00bb50&Prime; shift_x=\u00a0\u00bb0&Prime; shift_y=\u00a0\u00bb0&Prime; shift_y_down=\u00a0\u00bb0&Prime; z_index=\u00a0\u00bb0&Prime; medium_width=\u00a0\u00bb0&Prime; mobile_width=\u00a0\u00bb0&Prime; css_animation=\u00a0\u00bbtop-t-bottom\u00a0\u00bb width=\u00a0\u00bb1\/1&Prime; uncode_shortcode_id=\u00a0\u00bb142853&Prime;][vc_custom_heading text_color=\u00a0\u00bbcolor-vyce\u00a0\u00bb text_font=\u00a0\u00bbfont-182521&Prime; text_size=\u00a0\u00bbh1&Prime; css_animation=\u00a0\u00bbtop-t-bottom\u00a0\u00bb uncode_shortcode_id=\u00a0\u00bb180791&Prime; text_color_type=\u00a0\u00bbuncode-palette\u00a0\u00bb]Contact[\/vc_custom_heading][\/vc_column][\/vc_row][vc_row [&hellip;]<\/p>\n","protected":false},"author":248,"featured_media":0,"parent":0,"menu_order":0,"comment_status":"closed","ping_status":"closed","template":"","meta":{"footnotes":""},"_links":{"self":[{"href":"https:\/\/www.jardinerieprosperi.fr\/fr\/wp-json\/wp\/v2\/pages\/556"}],"collection":[{"href":"https:\/\/www.jardinerieprosperi.fr\/fr\/wp-json\/wp\/v2\/pages"}],"about":[{"href":"https:\/\/www.jardinerieprosperi.fr\/fr\/wp-json\/wp\/v2\/types\/page"}],"author":[{"embeddable":true,"href":"https:\/\/www.jardinerieprosperi.fr\/fr\/wp-json\/wp\/v2\/users\/248"}],"replies":[{"embeddable":true,"href":"https:\/\/www.jardinerieprosperi.fr\/fr\/wp-json\/wp\/v2\/comments?post=556"}],"version-history":[{"count":139,"href":"https:\/\/www.jardinerieprosperi.fr\/fr\/wp-json\/wp\/v2\/pages\/556\/revisions"}],"predecessor-version":[{"id":21058,"href":"https:\/\/www.jardinerieprosperi.fr\/fr\/wp-json\/wp\/v2\/pages\/556\/revisions\/21058"}],"wp:attachment":[{"href":"https:\/\/www.jardinerieprosperi.fr\/fr\/wp-json\/wp\/v2\/media?parent=556"}],"curies":[{"name":"wp","href":"https:\/\/api.w.org\/{rel}","templated":true}]}}