{"id":1691,"date":"2019-05-03T14:22:21","date_gmt":"2019-05-03T12:22:21","guid":{"rendered":"https:\/\/it.test-website.fr\/?page_id=1691"},"modified":"2024-01-31T12:09:21","modified_gmt":"2024-01-31T11:09:21","slug":"bio","status":"publish","type":"page","link":"https:\/\/www.jardinerieprosperi.fr\/it\/bio\/","title":{"rendered":"Bio"},"content":{"rendered":"<div class=\"wpb-content-wrapper\"><p>[vc_row][vc_column column_width_percent=\u00a0\u00bb100&Prime; align_horizontal=\u00a0\u00bbalign_center\u00a0\u00bb gutter_size=\u00a0\u00bb3&Prime; overlay_alpha=\u00a0\u00bb50&Prime; shift_x=\u00a0\u00bb0&Prime; shift_y=\u00a0\u00bb0&Prime; shift_y_down=\u00a0\u00bb0&Prime; z_index=\u00a0\u00bb0&Prime; medium_width=\u00a0\u00bb0&Prime; mobile_width=\u00a0\u00bb0&Prime; css_animation=\u00a0\u00bbtop-t-bottom\u00a0\u00bb width=\u00a0\u00bb1\/1&Prime; uncode_shortcode_id=\u00a0\u00bb991622&Prime;][vc_custom_heading text_color=\u00a0\u00bbcolor-vyce\u00a0\u00bb text_font=\u00a0\u00bbfont-182521&Prime; text_size=\u00a0\u00bbh1&Prime; css_animation=\u00a0\u00bbtop-t-bottom\u00a0\u00bb uncode_shortcode_id=\u00a0\u00bb530718&Prime; text_color_type=\u00a0\u00bbuncode-palette\u00a0\u00bb]Bio[\/vc_custom_heading][\/vc_column][\/vc_row][vc_row row_height_percent=\u00a0\u00bb0&Prime; override_padding=\u00a0\u00bbyes\u00a0\u00bb h_padding=\u00a0\u00bb2&Prime; top_padding=\u00a0\u00bb1&Prime; bottom_padding=\u00a0\u00bb3&Prime; overlay_alpha=\u00a0\u00bb100&Prime; gutter_size=\u00a0\u00bb3&Prime; column_width_percent=\u00a0\u00bb100&Prime; shift_y=\u00a0\u00bb0&Prime; z_index=\u00a0\u00bb0&Prime; row_height_use_pixel=\u00a0\u00bb\u00a0\u00bb uncode_shortcode_id=\u00a0\u00bb956524&Prime;][vc_column column_width_use_pixel=\u00a0\u00bbyes\u00a0\u00bb gutter_size=\u00a0\u00bb3&Prime; overlay_alpha=\u00a0\u00bb50&Prime; shift_x=\u00a0\u00bb0&Prime; shift_y=\u00a0\u00bb0&Prime; shift_y_down=\u00a0\u00bb0&Prime; z_index=\u00a0\u00bb0&Prime; medium_width=\u00a0\u00bb0&Prime; mobile_width=\u00a0\u00bb0&Prime; css_animation=\u00a0\u00bbbottom-t-top\u00a0\u00bb zoom_width=\u00a0\u00bb0&Prime; zoom_height=\u00a0\u00bb0&Prime; column_width_pixel=\u00a0\u00bb800&Prime; uncode_shortcode_id=\u00a0\u00bb185197&Prime;][vc_column_text uncode_shortcode_id=\u00a0\u00bb691401&Prime;]<\/p>\n<p style=\"text-align: justify;\">Posto al centro dello sviluppo sostenibile, il metodo di produzione e di trasformazione biologica \u00e8 disciplinato da una normativa europea e mira al rispetto dell\u2019ambiente, della biodiversit\u00e0 e del benessere degli animali, da qui la sua qualit\u00e0. In Francia sono necessari tre livelli di autorizzazione affinch\u00e9 un prodotto fitosanitario possa essere utilizzato nell\u2019agricoltura biologica:<\/p>\n<ul>\n<li style=\"text-align: justify;\">la sostanza attiva del prodotto deve figurare nell\u2019elenco positivo delle sostanze attive che possono essere contenute nei prodotti fitosanitari in Europa (regolamento di esecuzione n.\/2011 del 25\/05\/2011);<\/li>\n<li style=\"text-align: justify;\">il principio attivo deve figurare anche nell\u2019allegato II del disciplinare di produzione biologica (regolamento CE n\u00b0889\/2008);<\/li>\n<li style=\"text-align: justify;\">anche il prodotto contenente il principio attivo deve essere stato autorizzato sul territorio nazionale (autorizzazione all\u2019immissione in commercio).<\/li>\n<\/ul>\n<p>[\/vc_column_text][\/vc_column][\/vc_row][vc_row row_height_percent=\u00a0\u00bb0&Prime; override_padding=\u00a0\u00bbyes\u00a0\u00bb h_padding=\u00a0\u00bb2&Prime; top_padding=\u00a0\u00bb0&Prime; bottom_padding=\u00a0\u00bb0&Prime; overlay_alpha=\u00a0\u00bb100&Prime; gutter_size=\u00a0\u00bb3&Prime; column_width_percent=\u00a0\u00bb100&Prime; shift_y=\u00a0\u00bb0&Prime; z_index=\u00a0\u00bb0&Prime; row_height_use_pixel=\u00a0\u00bb\u00a0\u00bb][vc_column column_width_use_pixel=\u00a0\u00bbyes\u00a0\u00bb gutter_size=\u00a0\u00bb3&Prime; overlay_alpha=\u00a0\u00bb50&Prime; shift_x=\u00a0\u00bb0&Prime; shift_y=\u00a0\u00bb0&Prime; shift_y_down=\u00a0\u00bb0&Prime; z_index=\u00a0\u00bb0&Prime; medium_width=\u00a0\u00bb0&Prime; mobile_width=\u00a0\u00bb0&Prime; css_animation=\u00a0\u00bbleft-t-right\u00a0\u00bb zoom_width=\u00a0\u00bb0&Prime; zoom_height=\u00a0\u00bb0&Prime; width=\u00a0\u00bb5\/6&Prime; uncode_shortcode_id=\u00a0\u00bb679334&Prime;][vc_single_image media=\u00a0\u00bb21415&Prime; media_width_percent=\u00a0\u00bb100&Prime; media_ratio=\u00a0\u00bbthree-two\u00a0\u00bb media_title_uppercase=\u00a0\u00bb\u00a0\u00bb uncode_shortcode_id=\u00a0\u00bb211778&Prime;][\/vc_column][vc_column column_width_percent=\u00a0\u00bb100&Prime; gutter_size=\u00a0\u00bb3&Prime; overlay_alpha=\u00a0\u00bb50&Prime; shift_x=\u00a0\u00bb0&Prime; shift_y=\u00a0\u00bb0&Prime; shift_y_down=\u00a0\u00bb0&Prime; z_index=\u00a0\u00bb0&Prime; medium_width=\u00a0\u00bb0&Prime; mobile_width=\u00a0\u00bb0&Prime; css_animation=\u00a0\u00bbright-t-left\u00a0\u00bb zoom_width=\u00a0\u00bb0&Prime; zoom_height=\u00a0\u00bb0&Prime; width=\u00a0\u00bb1\/6&Prime; uncode_shortcode_id=\u00a0\u00bb154771&Prime;][vc_column_text uncode_shortcode_id=\u00a0\u00bb269590&Prime;]<\/p>\n<p style=\"text-align: left;\">Per voi abbiamo selezionato una gamma di prodotti che soddisfano tutti questi criteri e che vi piaceranno, come Naturen (Fertiligene), Naturasol (Algoflash) o Or Brun.<\/p>\n<p>[\/vc_column_text][\/vc_column][\/vc_row][vc_row row_height_percent=\u00a0\u00bb0&Prime; override_padding=\u00a0\u00bbyes\u00a0\u00bb h_padding=\u00a0\u00bb2&Prime; top_padding=\u00a0\u00bb3&Prime; bottom_padding=\u00a0\u00bb3&Prime; overlay_alpha=\u00a0\u00bb100&Prime; gutter_size=\u00a0\u00bb3&Prime; column_width_percent=\u00a0\u00bb100&Prime; shift_y=\u00a0\u00bb0&Prime; z_index=\u00a0\u00bb0&Prime; row_height_use_pixel=\u00a0\u00bb\u00a0\u00bb][vc_column column_width_use_pixel=\u00a0\u00bbyes\u00a0\u00bb gutter_size=\u00a0\u00bb3&Prime; overlay_alpha=\u00a0\u00bb50&Prime; shift_x=\u00a0\u00bb0&Prime; shift_y=\u00a0\u00bb0&Prime; shift_y_down=\u00a0\u00bb0&Prime; z_index=\u00a0\u00bb0&Prime; medium_width=\u00a0\u00bb0&Prime; mobile_width=\u00a0\u00bb0&Prime; css_animation=\u00a0\u00bbbottom-t-top\u00a0\u00bb zoom_width=\u00a0\u00bb0&Prime; zoom_height=\u00a0\u00bb0&Prime; column_width_pixel=\u00a0\u00bb800&Prime; uncode_shortcode_id=\u00a0\u00bb109049&Prime;][vc_column_text uncode_shortcode_id=\u00a0\u00bb183903&Prime;]1- trattamento e protezione biologica del giardino e della casa: prodotti fitosanitari BIO<br \/>\n2- terricci, supporti di coltura e pacciamatura naturale: Terra, terriccio, corteccia di pino, pacciamatura, puzzolana, palline di argilla, OVI 4 G, torba, letame di cavallo, letame macinato, Humoribo<br \/>\n3- lotte biologiche: ferormoni (nematodi, pyrale del cespuglio, verne della ciliegia, mosca del olivo, minatore dell\u2019agrume, cocciniglia farinosa) da conservare al fresco.<br \/>\n4- recuperatori di acqua piovana: il vivaio offre un vaso di recupero di acqua piovana per limitare gli sprechi e preservare l\u2019ambiente<br \/>\n5- compostaggio: attivatore di compost, lombricompost[\/vc_column_text][\/vc_column][\/vc_row][vc_row row_height_percent=\u00a0\u00bb0&Prime; override_padding=\u00a0\u00bbyes\u00a0\u00bb h_padding=\u00a0\u00bb2&Prime; top_padding=\u00a0\u00bb4&Prime; bottom_padding=\u00a0\u00bb4&Prime; back_image=\u00a0\u00bb20677&Prime; parallax=\u00a0\u00bbyes\u00a0\u00bb overlay_color=\u00a0\u00bbcolor-jevc\u00a0\u00bb overlay_alpha=\u00a0\u00bb35&Prime; gutter_size=\u00a0\u00bb3&Prime; column_width_percent=\u00a0\u00bb100&Prime; shift_y=\u00a0\u00bb0&Prime; z_index=\u00a0\u00bb0&Prime; uncode_shortcode_id=\u00a0\u00bb146728&Prime; overlay_color_type=\u00a0\u00bbuncode-palette\u00a0\u00bb][vc_column column_width_percent=\u00a0\u00bb100&Prime; align_horizontal=\u00a0\u00bbalign_center\u00a0\u00bb gutter_size=\u00a0\u00bb1&Prime; overlay_alpha=\u00a0\u00bb50&Prime; shift_x=\u00a0\u00bb0&Prime; shift_y=\u00a0\u00bb0&Prime; shift_y_down=\u00a0\u00bb0&Prime; z_index=\u00a0\u00bb0&Prime; medium_width=\u00a0\u00bb0&Prime; mobile_width=\u00a0\u00bb0&Prime; width=\u00a0\u00bb1\/1&Prime; uncode_shortcode_id=\u00a0\u00bb282997&Prime;][vc_empty_space empty_h=\u00a0\u00bb3&Prime;][vc_custom_heading text_color=\u00a0\u00bbcolor-xsdn\u00a0\u00bb text_font=\u00a0\u00bbfont-182521&Prime; text_size=\u00a0\u00bbh1&Prime; css_animation=\u00a0\u00bbtop-t-bottom\u00a0\u00bb uncode_shortcode_id=\u00a0\u00bb107308&Prime; text_color_type=\u00a0\u00bbuncode-palette\u00a0\u00bb]Vieni con noi cultivare[\/vc_custom_heading][vc_custom_heading text_color=\u00a0\u00bbcolor-xsdn\u00a0\u00bb text_font=\u00a0\u00bbfont-609760&Prime; text_weight=\u00a0\u00bb500&Prime; text_transform=\u00a0\u00bbuppercase\u00a0\u00bb css_animation=\u00a0\u00bbbottom-t-top\u00a0\u00bb uncode_shortcode_id=\u00a0\u00bb248223&Prime; text_color_type=\u00a0\u00bbuncode-palette\u00a0\u00bb]eccelenza della natura[\/vc_custom_heading][vc_empty_space empty_h=\u00a0\u00bb3&Prime;][\/vc_column][\/vc_row]<\/p>\n<\/div>","protected":false},"excerpt":{"rendered":"<p>[vc_row][vc_column column_width_percent=\u00a0\u00bb100&Prime; align_horizontal=\u00a0\u00bbalign_center\u00a0\u00bb gutter_size=\u00a0\u00bb3&Prime; overlay_alpha=\u00a0\u00bb50&Prime; shift_x=\u00a0\u00bb0&Prime; shift_y=\u00a0\u00bb0&Prime; shift_y_down=\u00a0\u00bb0&Prime; z_index=\u00a0\u00bb0&Prime; medium_width=\u00a0\u00bb0&Prime; mobile_width=\u00a0\u00bb0&Prime; css_animation=\u00a0\u00bbtop-t-bottom\u00a0\u00bb width=\u00a0\u00bb1\/1&Prime; uncode_shortcode_id=\u00a0\u00bb991622&Prime;][vc_custom_heading text_color=\u00a0\u00bbcolor-vyce\u00a0\u00bb text_font=\u00a0\u00bbfont-182521&Prime; text_size=\u00a0\u00bbh1&Prime; css_animation=\u00a0\u00bbtop-t-bottom\u00a0\u00bb uncode_shortcode_id=\u00a0\u00bb530718&Prime; text_color_type=\u00a0\u00bbuncode-palette\u00a0\u00bb]Bio[\/vc_custom_heading][\/vc_column][\/vc_row][vc_row [&hellip;]<\/p>\n","protected":false},"author":248,"featured_media":0,"parent":0,"menu_order":0,"comment_status":"closed","ping_status":"closed","template":"","meta":{"footnotes":""},"_links":{"self":[{"href":"https:\/\/www.jardinerieprosperi.fr\/it\/wp-json\/wp\/v2\/pages\/1691"}],"collection":[{"href":"https:\/\/www.jardinerieprosperi.fr\/it\/wp-json\/wp\/v2\/pages"}],"about":[{"href":"https:\/\/www.jardinerieprosperi.fr\/it\/wp-json\/wp\/v2\/types\/page"}],"author":[{"embeddable":true,"href":"https:\/\/www.jardinerieprosperi.fr\/it\/wp-json\/wp\/v2\/users\/248"}],"replies":[{"embeddable":true,"href":"https:\/\/www.jardinerieprosperi.fr\/it\/wp-json\/wp\/v2\/comments?post=1691"}],"version-history":[{"count":37,"href":"https:\/\/www.jardinerieprosperi.fr\/it\/wp-json\/wp\/v2\/pages\/1691\/revisions"}],"predecessor-version":[{"id":21416,"href":"https:\/\/www.jardinerieprosperi.fr\/it\/wp-json\/wp\/v2\/pages\/1691\/revisions\/21416"}],"wp:attachment":[{"href":"https:\/\/www.jardinerieprosperi.fr\/it\/wp-json\/wp\/v2\/media?parent=1691"}],"curies":[{"name":"wp","href":"https:\/\/api.w.org\/{rel}","templated":true}]}}